{"id":838,"date":"2018-05-03T13:44:31","date_gmt":"2018-05-03T11:44:31","guid":{"rendered":"https:\/\/ceginnova.com\/contacto\/"},"modified":"2026-03-23T17:07:38","modified_gmt":"2026-03-23T15:07:38","slug":"kontakt","status":"publish","type":"page","link":"https:\/\/ceginnova.com\/de\/kontakt\/","title":{"rendered":"Kontakt"},"content":{"rendered":"<div class=\"row\">\n<div class=\"col-sm-6\">\n<p>Sollten Sie weitere Informationen ben\u00f6tigen, f\u00fcllen Sie bitte den Fragebogen aus und wir werden uns so schnell wie m\u00f6glich mit Ihnen in Verbindung setzen.<\/p>\n<\/div>\n<div class=\"col-sm-6\">\n<div class=\"helbidea\">\n<p>Beasain Bidea, 22<\/p>\n<p>20216 Ormaiztegi<\/p>\n<p>Gipuzkoa (SPANIEN)<\/p>\n<\/div>\n<div class=\"helbidea\">\n<p><i class=\"fa fa-phone\"><\/i> +34 943 882 819<\/p>\n<p><i class=\"fa fa-envelope\"><\/i> info@ceginnova.com<\/p>\n<\/div>\n<\/div>\n<\/div>\n<div class=\"row\"><iframe loading=\"lazy\" style=\"border: 0;\" src=\"https:\/\/www.google.com\/maps\/embed?pb=!1m18!1m12!1m3!1d20190.97383011649!2d-2.2571909866345603!3d43.04223042092805!2m3!1f0!2f0!3f0!3m2!1i1024!2i768!4f13.1!3m3!1m2!1s0xd50312316f8de5b%3A0xa822b81c874d69e8!2sC.e.G.+Construcciones+El%C3%A9ctricas+de+Gipuzkoa!5e0!3m2!1ses!2sus!4v1525348443469\" width=\"100%\" height=\"450\" frameborder=\"0\" allowfullscreen=\"allowfullscreen\"><\/iframe><\/div>\n","protected":false},"excerpt":{"rendered":"<p>Sollten Sie weitere Informationen ben\u00f6tigen, f\u00fcllen Sie bitte den Fragebogen aus und wir werden uns so schnell wie m\u00f6glich mit Ihnen in Verbindung setzen. Beasain Bidea, 22 20216 Ormaiztegi Gipuzkoa (SPANIEN) +34 943 882 819 info@ceginnova.com<\/p>\n","protected":false},"author":1,"featured_media":520,"parent":0,"menu_order":0,"comment_status":"closed","ping_status":"closed","template":"template-contacto.php","meta":{"_acf_changed":false,"footnotes":""},"class_list":["post-838","page","type-page","status-publish","has-post-thumbnail","hentry"],"acf":[],"_links":{"self":[{"href":"https:\/\/ceginnova.com\/de\/wp-json\/wp\/v2\/pages\/838","targetHints":{"allow":["GET"]}}],"collection":[{"href":"https:\/\/ceginnova.com\/de\/wp-json\/wp\/v2\/pages"}],"about":[{"href":"https:\/\/ceginnova.com\/de\/wp-json\/wp\/v2\/types\/page"}],"author":[{"embeddable":true,"href":"https:\/\/ceginnova.com\/de\/wp-json\/wp\/v2\/users\/1"}],"replies":[{"embeddable":true,"href":"https:\/\/ceginnova.com\/de\/wp-json\/wp\/v2\/comments?post=838"}],"version-history":[{"count":3,"href":"https:\/\/ceginnova.com\/de\/wp-json\/wp\/v2\/pages\/838\/revisions"}],"predecessor-version":[{"id":2217,"href":"https:\/\/ceginnova.com\/de\/wp-json\/wp\/v2\/pages\/838\/revisions\/2217"}],"wp:featuredmedia":[{"embeddable":true,"href":"https:\/\/ceginnova.com\/de\/wp-json\/wp\/v2\/media\/520"}],"wp:attachment":[{"href":"https:\/\/ceginnova.com\/de\/wp-json\/wp\/v2\/media?parent=838"}],"curies":[{"name":"wp","href":"https:\/\/api.w.org\/{rel}","templated":true}]}}