{"id":843,"date":"2018-04-09T11:36:25","date_gmt":"2018-04-09T09:36:25","guid":{"rendered":"https:\/\/ceginnova.com\/pagina-ejemplo\/"},"modified":"2018-07-19T10:01:38","modified_gmt":"2018-07-19T08:01:38","slug":"pagina-ejemplo","status":"publish","type":"page","link":"https:\/\/ceginnova.com\/de\/","title":{"rendered":"CEG (Construcciones El\u00e9ctricas de Guip\u00fazcoa)"},"content":{"rendered":"<p>Wir sind ein Familienunternehmen im Herzen des Baskenlandes, in Spanien, das seit den 60er Jahren Motoren und Maschinen f\u00fcr Aufz\u00fcge entwickelt und produziert.<\/p>\n<p>Seit Beginn unserer bereits \u00fcber 50 Jahre andauernden Unternehmenst\u00e4tigkeit liegt unser Hauptaugenmerk auf der kontinuierlichen Verbesserung unserer Produkte. Auf diese Weise und dank unserer Selbstverpflichtung zur Innovation konnte unser Wachstum und unsere Etablierung sowohl auf nationaler als auch internationaler Ebene vorangetrieben werden.<\/p>\n","protected":false},"excerpt":{"rendered":"<p>Wir sind ein Familienunternehmen im Herzen des Baskenlandes, in Spanien, das seit den 60er Jahren Motoren und Maschinen f\u00fcr Aufz\u00fcge entwickelt und produziert. Seit Beginn unserer bereits \u00fcber 50 Jahre andauernden Unternehmenst\u00e4tigkeit liegt unser Hauptaugenmerk auf der kontinuierlichen Verbesserung unserer Produkte. Auf diese Weise und dank unserer Selbstverpflichtung zur Innovation konnte unser Wachstum und unsere [&hellip;]<\/p>\n","protected":false},"author":1,"featured_media":0,"parent":0,"menu_order":0,"comment_status":"closed","ping_status":"closed","template":"template-homepage.php","meta":{"_acf_changed":false,"footnotes":""},"class_list":["post-843","page","type-page","status-publish","hentry"],"acf":[],"_links":{"self":[{"href":"https:\/\/ceginnova.com\/de\/wp-json\/wp\/v2\/pages\/843","targetHints":{"allow":["GET"]}}],"collection":[{"href":"https:\/\/ceginnova.com\/de\/wp-json\/wp\/v2\/pages"}],"about":[{"href":"https:\/\/ceginnova.com\/de\/wp-json\/wp\/v2\/types\/page"}],"author":[{"embeddable":true,"href":"https:\/\/ceginnova.com\/de\/wp-json\/wp\/v2\/users\/1"}],"replies":[{"embeddable":true,"href":"https:\/\/ceginnova.com\/de\/wp-json\/wp\/v2\/comments?post=843"}],"version-history":[{"count":1,"href":"https:\/\/ceginnova.com\/de\/wp-json\/wp\/v2\/pages\/843\/revisions"}],"predecessor-version":[{"id":844,"href":"https:\/\/ceginnova.com\/de\/wp-json\/wp\/v2\/pages\/843\/revisions\/844"}],"wp:attachment":[{"href":"https:\/\/ceginnova.com\/de\/wp-json\/wp\/v2\/media?parent=843"}],"curies":[{"name":"wp","href":"https:\/\/api.w.org\/{rel}","templated":true}]}}