{"id":845,"date":"2018-04-10T08:07:29","date_gmt":"2018-04-10T06:07:29","guid":{"rendered":"https:\/\/ceginnova.com\/empresa\/"},"modified":"2021-05-13T10:43:05","modified_gmt":"2021-05-13T08:43:05","slug":"unternehmen","status":"publish","type":"page","link":"https:\/\/ceginnova.com\/de\/unternehmen\/","title":{"rendered":"UNTERNEHMEN"},"content":{"rendered":"<div class=\"row\">\n<div class=\"col-sm-6\">\n<p>Bei CEGi entwickeln und fertigen wir alle Motoren und Gearless-Maschinen in unserem eigenen Werk mit einer Gesamtfl\u00e4che von 3.500 m<sup>2<\/sup>, das mit den neuesten technologischen und produktiven Ausr\u00fcstungen ausgestattet ist.<\/p>\n<p>Wir verf\u00fcgen \u00fcber einen Testturm mit einer H\u00f6he von \u00fcber 25 m, in dem wir unsere Entwicklungen unter Praxisbedingungen testen. Dar\u00fcber hinaus entwickeln wir in Zusammenarbeit mit Partnerunternehmen, Wissenszentren, Entwicklungsunternehmen und Zulieferern st\u00e4ndig neue L\u00f6sungen f\u00fcr den Aufzugssektor. Dies ist zweifellos eine der besten M\u00f6glichkeiten, um den heutigen und zuk\u00fcnftigen Bed\u00fcrfnissen unserer Kunden gerecht zu werden.<\/p>\n<p>Dank unserer \u00fcber 50-j\u00e4hrigen Unternehmenst\u00e4tigkeit konnten wir umfangreiches Wissen sammeln, das uns zusammen mit st\u00e4ndigen Investitionen in Produktionsressourcen, F+E+I und Infrastruktur erm\u00f6glicht hat, unsere ersten Elektromotoren zu den modernsten getriebelosen Permanentmagnet-Synchronmotoren, der Gearless-Maschine, unserem heutigen Hauptprodukt, zu entwickeln.<\/p>\n<p>Allerdings ist der Kerngedanke unseres Unternehmens im Laufe der Jahre derselbe geblieben. Unser Hauptziel ist es weiterhin, das beste und wettbewerbsf\u00e4higste Produkt anzubieten. Und das erreichen wir durch ein qualifiziertes Mitarbeiterteam mit langj\u00e4hriger Erfahrung, aber vor allem mit viel Engagement und Aufmerksamkeit f\u00fcr die Bed\u00fcrfnisse unserer Kunden.<\/p>\n<h3 class=\"izenburua\">Unser Angebot zeichnet sich aus durch:<\/h3>\n<ul class=\"numerazioa\">\n<li>Kontinuierliche Innovation.<\/li>\n<li>Vollst\u00e4ndig eigene Entwicklung und Fertigung.<\/li>\n<li>Individuelle, auf den Einzelfall zugeschnittene L\u00f6sungen.<\/li>\n<li>Zuverl\u00e4ssigkeit und Qualit\u00e4t.<\/li>\n<li>Schnelle und zuverl\u00e4ssige Beratung vor und nach dem Kauf.<\/li>\n<li>Kurze Lieferzeiten.<\/li>\n<\/ul>\n<h3 class=\"izenburua\">Unternehmensinformationen<\/h3>\n<ul class=\"numerazioa\">\n<li class=\"link\"><i class=\"fa fa-download\"><\/i> <a class=\"btn btn-default btn-ceg\" href=\"https:\/\/ceginnova.com\/wp-content\/uploads\/2018\/07\/CEG-MISSION-VISION-UND-WERTE.pdf\" target=\"_blank\" rel=\"noopener\">CEGi MISSION, VISION UND WERTE<\/a><\/li>\n<li class=\"link\"><i class=\"fa fa-download\"><\/i> <a class=\"btn btn-default btn-ceg\" href=\"https:\/\/ceginnova.com\/wp-content\/uploads\/2018\/07\/CEG-QUALIT\u00c4TSPOLITIK-2018.pdf\" target=\"_blank\" rel=\"noopener\">CEGi QUALIT\u00c4TSPOLITIK 2018<\/a><\/li>\n<\/ul>\n<\/div>\n<div class=\"col-sm-6\">\n<div id='gallery-1' class='gallery galleryid-845 gallery-columns-3 gallery-size-thumbnail'><figure class='gallery-item'>\n\t\t\t<div class='gallery-icon landscape'>\n\t\t\t\t<a href='https:\/\/ceginnova.com\/wp-content\/uploads\/2018\/04\/F10-prensa.jpg'><img loading=\"lazy\" decoding=\"async\" width=\"150\" height=\"150\" src=\"https:\/\/ceginnova.com\/wp-content\/uploads\/2018\/04\/F10-prensa-150x150.jpg\" class=\"attachment-thumbnail size-thumbnail\" alt=\"\" \/><\/a>\n\t\t\t<\/div><\/figure><figure class='gallery-item'>\n\t\t\t<div class='gallery-icon landscape'>\n\t\t\t\t<a href='https:\/\/ceginnova.com\/wp-content\/uploads\/2018\/04\/F3-Banco-de-pruebas.jpg'><img loading=\"lazy\" decoding=\"async\" width=\"150\" height=\"150\" src=\"https:\/\/ceginnova.com\/wp-content\/uploads\/2018\/04\/F3-Banco-de-pruebas-150x150.jpg\" class=\"attachment-thumbnail size-thumbnail\" alt=\"\" \/><\/a>\n\t\t\t<\/div><\/figure><figure class='gallery-item'>\n\t\t\t<div class='gallery-icon landscape'>\n\t\t\t\t<a href='https:\/\/ceginnova.com\/wp-content\/uploads\/2018\/04\/F4-banco-pruebas-par-potencia-intensidad.jpg'><img loading=\"lazy\" decoding=\"async\" width=\"150\" height=\"150\" src=\"https:\/\/ceginnova.com\/wp-content\/uploads\/2018\/04\/F4-banco-pruebas-par-potencia-intensidad-150x150.jpg\" class=\"attachment-thumbnail size-thumbnail\" alt=\"\" \/><\/a>\n\t\t\t<\/div><\/figure><figure class='gallery-item'>\n\t\t\t<div class='gallery-icon landscape'>\n\t\t\t\t<a href='https:\/\/ceginnova.com\/wp-content\/uploads\/2018\/04\/F8-montaje-maquina-Gearless.jpg'><img loading=\"lazy\" decoding=\"async\" width=\"150\" height=\"150\" src=\"https:\/\/ceginnova.com\/wp-content\/uploads\/2018\/04\/F8-montaje-maquina-Gearless-150x150.jpg\" class=\"attachment-thumbnail size-thumbnail\" alt=\"\" \/><\/a>\n\t\t\t<\/div><\/figure><figure class='gallery-item'>\n\t\t\t<div class='gallery-icon landscape'>\n\t\t\t\t<a href='https:\/\/ceginnova.com\/wp-content\/uploads\/2018\/04\/F9-montaje-motor.jpg'><img loading=\"lazy\" decoding=\"async\" width=\"150\" height=\"150\" src=\"https:\/\/ceginnova.com\/wp-content\/uploads\/2018\/04\/F9-montaje-motor-150x150.jpg\" class=\"attachment-thumbnail size-thumbnail\" alt=\"\" \/><\/a>\n\t\t\t<\/div><\/figure><figure class='gallery-item'>\n\t\t\t<div class='gallery-icon landscape'>\n\t\t\t\t<a href='https:\/\/ceginnova.com\/wp-content\/uploads\/2018\/04\/F12-pruebas-y-montaje-final.jpg'><img loading=\"lazy\" decoding=\"async\" width=\"150\" height=\"150\" src=\"https:\/\/ceginnova.com\/wp-content\/uploads\/2018\/04\/F12-pruebas-y-montaje-final-150x150.jpg\" class=\"attachment-thumbnail size-thumbnail\" alt=\"\" \/><\/a>\n\t\t\t<\/div><\/figure>\n\t\t<\/div>\n\n<\/div>\n<\/div>\n","protected":false},"excerpt":{"rendered":"<p>Bei CEGi entwickeln und fertigen wir alle Motoren und Gearless-Maschinen in unserem eigenen Werk mit einer Gesamtfl\u00e4che von 3.500 m2, das mit den neuesten technologischen und produktiven Ausr\u00fcstungen ausgestattet ist. Wir verf\u00fcgen \u00fcber einen Testturm mit einer H\u00f6he von \u00fcber 25 m, in dem wir unsere Entwicklungen unter Praxisbedingungen testen. Dar\u00fcber hinaus entwickeln wir in [&hellip;]<\/p>\n","protected":false},"author":1,"featured_media":538,"parent":0,"menu_order":0,"comment_status":"closed","ping_status":"closed","template":"","meta":{"_acf_changed":false,"footnotes":""},"class_list":["post-845","page","type-page","status-publish","has-post-thumbnail","hentry"],"acf":[],"_links":{"self":[{"href":"https:\/\/ceginnova.com\/de\/wp-json\/wp\/v2\/pages\/845","targetHints":{"allow":["GET"]}}],"collection":[{"href":"https:\/\/ceginnova.com\/de\/wp-json\/wp\/v2\/pages"}],"about":[{"href":"https:\/\/ceginnova.com\/de\/wp-json\/wp\/v2\/types\/page"}],"author":[{"embeddable":true,"href":"https:\/\/ceginnova.com\/de\/wp-json\/wp\/v2\/users\/1"}],"replies":[{"embeddable":true,"href":"https:\/\/ceginnova.com\/de\/wp-json\/wp\/v2\/comments?post=845"}],"version-history":[{"count":4,"href":"https:\/\/ceginnova.com\/de\/wp-json\/wp\/v2\/pages\/845\/revisions"}],"predecessor-version":[{"id":1702,"href":"https:\/\/ceginnova.com\/de\/wp-json\/wp\/v2\/pages\/845\/revisions\/1702"}],"wp:featuredmedia":[{"embeddable":true,"href":"https:\/\/ceginnova.com\/de\/wp-json\/wp\/v2\/media\/538"}],"wp:attachment":[{"href":"https:\/\/ceginnova.com\/de\/wp-json\/wp\/v2\/media?parent=845"}],"curies":[{"name":"wp","href":"https:\/\/api.w.org\/{rel}","templated":true}]}}