{"id":860,"date":"2018-04-10T08:08:05","date_gmt":"2018-04-10T06:08:05","guid":{"rendered":"https:\/\/ceginnova.com\/servicios\/"},"modified":"2018-07-19T10:15:05","modified_gmt":"2018-07-19T08:15:05","slug":"dienstleistungen","status":"publish","type":"page","link":"https:\/\/ceginnova.com\/de\/dienstleistungen\/","title":{"rendered":"DIENSTLEISTUNGEN"},"content":{"rendered":"<div class=\"row\">\n<div class=\"col-sm-6\">\n<p>Unser Ziel ist es, die Bed\u00fcrfnisse unserer Kunden zu erf\u00fcllen und ihnen zu helfen, ihre Ziele zu erreichen. Da wir der Meinung sind, dass Ihre Projekte unsere Projekte sind, m\u00f6chten wir Sie mit all unserer Erfahrung und den folgenden Dienstleistungen bestm\u00f6glich unterst\u00fctzen:<\/p>\n<div id=\"accordion\">\n<div class=\"card\">\n<div id=\"headingOne\" class=\"card-header\">\n<h3 class=\"izenburua btn btn-link\" data-toggle=\"collapse\" data-target=\"#collapseOne\" aria-expanded=\"true\" aria-controls=\"collapseOne\">BERATUNGSDIENSTLEISTUNGEN <i class=\"fa fa-angle-down\"><\/i><\/h3>\n<\/div>\n<div id=\"collapseOne\" class=\"collapse\" aria-labelledby=\"headingOne\" data-parent=\"#accordion\">\n<div class=\"card-body\">\n<p>Unsere Gearless-Maschinen decken eine Vielzahl von L\u00f6sungen ab, die sowohl f\u00fcr neue Aufzugsanlagen als auch f\u00fcr Modernisierungen geeignet sind. Unser technisches Team steht Ihnen jederzeit mit Rat und Tat zur Seite.<\/p>\n<\/div>\n<\/div>\n<\/div>\n<div class=\"card\">\n<div id=\"headingTwo\" class=\"card-header\">\n<h3 class=\"izenburua btn btn-link collapsed\" data-toggle=\"collapse\" data-target=\"#collapseTwo\" aria-expanded=\"false\" aria-controls=\"collapseTwo\">KUNDENSPEZIFISCHE FERTIGUNG <i class=\"fa fa-angle-down\"><\/i><\/h3>\n<\/div>\n<div id=\"collapseTwo\" class=\"collapse\" aria-labelledby=\"headingTwo\" data-parent=\"#accordion\">\n<div class=\"card-body\">\n<p>Wir kennen die Schwierigkeiten bei der Anwendung und die zahlreichen Variablen und Faktoren, die bei der Installation eines Hubmotors zu ber\u00fccksichtigen sind. Aus diesem Grund bieten wir unseren Kunden ein eigenes Engineering-Team, das L\u00f6sungen f\u00fcr die speziellen Anforderungen des Kunden und die jeweiligen Einsatzbedingen entwickelt.<\/p>\n<\/div>\n<\/div>\n<\/div>\n<div class=\"card\">\n<div id=\"headingThree\" class=\"card-header\">\n<h3 class=\"izenburua btn btn-link collapsed\" data-toggle=\"collapse\" data-target=\"#collapseThree\" aria-expanded=\"false\" aria-controls=\"collapseThree\">KUNDENSERVICE UND TECHNISCHER KUNDENDIENST <i class=\"fa fa-angle-down\"><\/i><\/h3>\n<\/div>\n<div id=\"collapseThree\" class=\"collapse\" aria-labelledby=\"headingThree\" data-parent=\"#accordion\">\n<div class=\"card-body\">\n<p>Wir bieten Ihnen sowohl vor als auch nach dem Kauf eine pers\u00f6nliche Betreuung. Im Rahmen unseres technischen Kundendienstes erhalten Sie bei der Montage und Installation sowie w\u00e4hrend der gesamten Lebensdauer unserer Gearless-Maschinen Unterst\u00fctzung durch unsere Techniker. Wir passen uns den Bed\u00fcrfnissen unserer Kunden an, indem wir sowohl vor Ort als auch aus der Ferne helfen, Probleme und Anliegen in k\u00fcrzester Zeit zu l\u00f6sen.<\/p>\n<\/div>\n<\/div>\n<\/div>\n<div class=\"card\">\n<div id=\"headingFour\" class=\"card-header\">\n<h3 class=\"izenburua btn btn-link collapsed\" data-toggle=\"collapse\" data-target=\"#collapseFour\" aria-expanded=\"false\" aria-controls=\"collapseFour\">ERSATZTEILE UND ZUBEH\u00d6R <i class=\"fa fa-angle-down\"><\/i><\/h3>\n<\/div>\n<div id=\"collapseFour\" class=\"collapse\" aria-labelledby=\"headingFour\" data-parent=\"#accordion\">\n<div class=\"card-body\">\n<p>Wir bieten Originalteile und Austauschteile f\u00fcr alle unsere Produkte.<\/p>\n<\/div>\n<\/div>\n<\/div>\n<div class=\"card\">\n<div id=\"headingFive\" class=\"card-header\">\n<h3 class=\"izenburua btn btn-link collapsed\" data-toggle=\"collapse\" data-target=\"#collapseFive\" aria-expanded=\"false\" aria-controls=\"collapseFive\">KUNDENBEREICH <i class=\"fa fa-angle-down\"><\/i><\/h3>\n<\/div>\n<div id=\"collapseFive\" class=\"collapse\" aria-labelledby=\"headingFive\" data-parent=\"#accordion\">\n<div class=\"card-body\">\n<p>\u00dcber diesen Bereich bieten wir unseren Kunden einen schnellen Zugriff auf zahlreiche Informationen wie z. B. Bestellungsverfolgung, Abfrage von Handb\u00fcchern, Kataloge, technische Datenbl\u00e4tter und Angebotsanfragen.<\/p>\n<\/div>\n<\/div>\n<\/div>\n<\/div>\n<\/div>\n<div class=\"col-sm-6\">\n<div id='gallery-1' class='gallery galleryid-860 gallery-columns-3 gallery-size-thumbnail'><figure class='gallery-item'>\n\t\t\t<div class='gallery-icon landscape'>\n\t\t\t\t<a href='https:\/\/ceginnova.com\/wp-content\/uploads\/2018\/05\/F5-departamento-ingenier\u00eda.jpg'><img loading=\"lazy\" decoding=\"async\" width=\"150\" height=\"150\" src=\"https:\/\/ceginnova.com\/wp-content\/uploads\/2018\/05\/F5-departamento-ingenier\u00eda-150x150.jpg\" class=\"attachment-thumbnail size-thumbnail\" alt=\"\" \/><\/a>\n\t\t\t<\/div><\/figure><figure class='gallery-item'>\n\t\t\t<div class='gallery-icon landscape'>\n\t\t\t\t<a href='https:\/\/ceginnova.com\/wp-content\/uploads\/2018\/05\/F1-atencion-al-cliente.jpg'><img loading=\"lazy\" decoding=\"async\" width=\"150\" height=\"150\" src=\"https:\/\/ceginnova.com\/wp-content\/uploads\/2018\/05\/F1-atencion-al-cliente-150x150.jpg\" class=\"attachment-thumbnail size-thumbnail\" alt=\"\" \/><\/a>\n\t\t\t<\/div><\/figure><figure class='gallery-item'>\n\t\t\t<div class='gallery-icon landscape'>\n\t\t\t\t<a href='https:\/\/ceginnova.com\/wp-content\/uploads\/2018\/05\/F11-MINI-ACT.jpg'><img loading=\"lazy\" decoding=\"async\" width=\"150\" height=\"150\" src=\"https:\/\/ceginnova.com\/wp-content\/uploads\/2018\/05\/F11-MINI-ACT-150x150.jpg\" class=\"attachment-thumbnail size-thumbnail\" alt=\"\" \/><\/a>\n\t\t\t<\/div><\/figure><figure class='gallery-item'>\n\t\t\t<div class='gallery-icon landscape'>\n\t\t\t\t<a href='https:\/\/ceginnova.com\/wp-content\/uploads\/2018\/05\/F6-ensayos-torre-de-pruebas.jpg'><img loading=\"lazy\" decoding=\"async\" width=\"150\" height=\"150\" src=\"https:\/\/ceginnova.com\/wp-content\/uploads\/2018\/05\/F6-ensayos-torre-de-pruebas-150x150.jpg\" class=\"attachment-thumbnail size-thumbnail\" alt=\"\" \/><\/a>\n\t\t\t<\/div><\/figure><figure class='gallery-item'>\n\t\t\t<div class='gallery-icon landscape'>\n\t\t\t\t<a href='https:\/\/ceginnova.com\/wp-content\/uploads\/2018\/05\/F2-banco-de-pruebas-aislamiento.jpg'><img loading=\"lazy\" decoding=\"async\" width=\"150\" height=\"150\" src=\"https:\/\/ceginnova.com\/wp-content\/uploads\/2018\/05\/F2-banco-de-pruebas-aislamiento-150x150.jpg\" class=\"attachment-thumbnail size-thumbnail\" alt=\"\" \/><\/a>\n\t\t\t<\/div><\/figure><figure class='gallery-item'>\n\t\t\t<div class='gallery-icon landscape'>\n\t\t\t\t<a href='https:\/\/ceginnova.com\/wp-content\/uploads\/2018\/05\/F13-torre-de-pruebas.jpg'><img loading=\"lazy\" decoding=\"async\" width=\"150\" height=\"150\" src=\"https:\/\/ceginnova.com\/wp-content\/uploads\/2018\/05\/F13-torre-de-pruebas-150x150.jpg\" class=\"attachment-thumbnail size-thumbnail\" alt=\"\" \/><\/a>\n\t\t\t<\/div><\/figure>\n\t\t<\/div>\n\n<\/div>\n<\/div>\n","protected":false},"excerpt":{"rendered":"<p>Unser Ziel ist es, die Bed\u00fcrfnisse unserer Kunden zu erf\u00fcllen und ihnen zu helfen, ihre Ziele zu erreichen. Da wir der Meinung sind, dass Ihre Projekte unsere Projekte sind, m\u00f6chten wir Sie mit all unserer Erfahrung und den folgenden Dienstleistungen bestm\u00f6glich unterst\u00fctzen: BERATUNGSDIENSTLEISTUNGEN Unsere Gearless-Maschinen decken eine Vielzahl von L\u00f6sungen ab, die sowohl f\u00fcr neue [&hellip;]<\/p>\n","protected":false},"author":1,"featured_media":640,"parent":0,"menu_order":0,"comment_status":"closed","ping_status":"closed","template":"","meta":{"_acf_changed":false,"footnotes":""},"class_list":["post-860","page","type-page","status-publish","has-post-thumbnail","hentry"],"acf":[],"_links":{"self":[{"href":"https:\/\/ceginnova.com\/de\/wp-json\/wp\/v2\/pages\/860","targetHints":{"allow":["GET"]}}],"collection":[{"href":"https:\/\/ceginnova.com\/de\/wp-json\/wp\/v2\/pages"}],"about":[{"href":"https:\/\/ceginnova.com\/de\/wp-json\/wp\/v2\/types\/page"}],"author":[{"embeddable":true,"href":"https:\/\/ceginnova.com\/de\/wp-json\/wp\/v2\/users\/1"}],"replies":[{"embeddable":true,"href":"https:\/\/ceginnova.com\/de\/wp-json\/wp\/v2\/comments?post=860"}],"version-history":[{"count":2,"href":"https:\/\/ceginnova.com\/de\/wp-json\/wp\/v2\/pages\/860\/revisions"}],"predecessor-version":[{"id":862,"href":"https:\/\/ceginnova.com\/de\/wp-json\/wp\/v2\/pages\/860\/revisions\/862"}],"wp:featuredmedia":[{"embeddable":true,"href":"https:\/\/ceginnova.com\/de\/wp-json\/wp\/v2\/media\/640"}],"wp:attachment":[{"href":"https:\/\/ceginnova.com\/de\/wp-json\/wp\/v2\/media?parent=860"}],"curies":[{"name":"wp","href":"https:\/\/api.w.org\/{rel}","templated":true}]}}