{"id":911,"date":"2018-05-29T11:05:52","date_gmt":"2018-05-29T09:05:52","guid":{"rendered":"https:\/\/ceginnova.com\/?page_id=911"},"modified":"2018-07-23T14:24:34","modified_gmt":"2018-07-23T12:24:34","slug":"rechtlicher-hinweis","status":"publish","type":"page","link":"https:\/\/ceginnova.com\/de\/rechtlicher-hinweis\/","title":{"rendered":"Rechtlicher Hinweis"},"content":{"rendered":"<p><strong>DATENSCHUTZ UNTERNEHMEN.<\/strong><\/p>\n<p>Das Unternehmen garantiert den Nutzern der Website, dass es die allgemeine Datenschutzverordnung (EU) 2016\/679 erf\u00fcllt und die von den Gesetzen und Verordnungen geforderten Sicherheitsma\u00dfnahmen zur Wahrung der Geheimhaltung, Vertraulichkeit und Integrit\u00e4t bei der Verarbeitung ihrer personenbezogenen Daten getroffen hat.<\/p>\n<p>Die Verwendung dieser personenbezogenen Daten erfolgt in der Art und Weise und mit den Einschr\u00e4nkungen und Rechten, die durch den Schutz personenbezogener Daten gew\u00e4hrt werden.<\/p>\n<p>Die Erhebung und Verarbeitung der angeforderten personenbezogenen Daten dienen sowohl zur administrativen als auch kommerziellen Betreuung des Nutzers.Das Unternehmen verpflichtet sich, die Geheimhaltung und Vertraulichkeit der personenbezogenen Daten, \u00fcber die es verf\u00fcgt, zu gew\u00e4hrleisten.Sie haben das Recht, eine Best\u00e4tigung dar\u00fcber zu erhalten, ob das Unternehmen Ihre personenbezogenen Daten verarbeitet, sodass Sie das Recht haben, auf Ihre personenbezogenen Daten zuzugreifen, falsche Angaben zu berichtigen oder deren L\u00f6schung zu verlangen, wenn die Daten f\u00fcr die Zwecke, f\u00fcr die sie erhoben wurden, nicht mehr ben\u00f6tigt werden.\u201c<\/p>\n<p><strong>RECHTSHINWEIS LSSI \u2013 CE<\/strong><\/p>\n<p>In \u00dcbereinstimmung mit dem Gesetz 34\/2002 vom 11. Juli Dienstleistungen der Informationsgesellschaft und elektronischen Handel (LSSI-CE) werden Sie dar\u00fcber informiert, dass das Unternehmen der rechtm\u00e4\u00dfige Eigent\u00fcmer dieser Website ist.In \u00dcbereinstimmung mit den Anforderungen des Artikels 10 des vorgenannten Gesetzes informiert das Unternehmen wie folgt:<\/p>\n<p>Der Inhaber dieser Website ist:CEG CONSTRUCCIONES ELECTRICAS DE GUIPUZCOA, SL<\/p>\n<p>USt-IdNr.:B20605119<\/p>\n<p>Gesch\u00e4ftssitz:Beasain Bidea, 22 \u2013 20216 Ormaiztegi, Gipuzkoa (SPANIEN)<\/p>\n<p><strong>BENUTZER<\/strong><\/p>\n<p>Der Zugang und\/oder die Nutzung dieser Website verleiht Ihnen den Status eines BENUTZERS und setzt die Annahme der hier beschriebenen allgemeinen Nutzungsbedingungen voraus.Die genannten Bedingungen gelten unabh\u00e4ngig von anderen Allgemeinen Gesch\u00e4ftsbedingungen, die ggf. vertraglich vereinbart werden und einzuhalten sind.<\/p>\n<p><strong>NUTZUNG DER WEBSITE<\/strong><\/p>\n<p>Die Website erm\u00f6glicht den Online-Zugang auf eine Vielzahl von Informationen, Dienstleistungen, Programmen oder Daten (im Folgenden \u201edie Inhalte\u201c), die CEG CONSTRUCCIONES ELECTRICAS DE GUIPUZCOA, SL oder ihren Lizenzgebern geh\u00f6ren und dem BENUTZER f\u00fcr den Zugriff zur Verf\u00fcgung gestellt werden.Der BENUTZER \u00fcbernimmt die Verantwortung f\u00fcr die Nutzung der Website.Diese Verantwortung gilt einschlie\u00dflich der Registrierung, die f\u00fcr den Zugang zu bestimmten Diensten oder Inhalten erforderlich ist.<\/p>\n<p>Bei dieser Registrierung ist der BENUTZER daf\u00fcr verantwortlich, die Angaben wahrheitsgem\u00e4\u00df und rechtlich zul\u00e4ssig bereitzustellen.Als Ergebnis dieser Registrierung kann dem BENUTZER ein Passwort zur Verf\u00fcgung gestellt werden, das seiner alleinigen Verantwortung unterliegt und f\u00fcr dessen gewissenhafte und vertrauliche Verwendung er selbst zu sorgen hat.Der BENUTZER verpflichtet sich, die Inhalte und Dienstleistungen, die CEG CONSTRUCCIONES ELECTRICAS DE GUIPUZCOA, SL \u00fcber seine Website anbietet, in angemessener Weise zu nutzen und unter anderem Folgendes zu unterlassen:<\/p>\n<p>(i) Durchf\u00fchrung rechtwidriger, illegaler sowie sitten- und ordnungswidriger T\u00e4tigkeiten.<\/p>\n<p>(ii) Verbreitung von Inhalten oder Propaganda rassistischer, fremdenfeindlicher, pornographischer oder illegaler Art, zur Unterst\u00fctzung des Terrorismus oder zur Verletzung der Menschenrechte.<\/p>\n<p>(iii) Besch\u00e4digung der Hard- und Softwaresysteme von CEG CONSTRUCCIONES ELECTRICAS DE GUIPUZCOA, SL, seiner Lieferanten oder Dritter, Verbreitung und \u00dcbertragung von Computerviren oder \u00c4hnliches \u00fcber andere Hard- und Softwaresysteme, die zur Besch\u00e4digung der vorher genannten Einrichtungen f\u00fchren k\u00f6nnen;<\/p>\n<p>(iv) Versuch des Zugriffs auf die E-Mail-Konten anderer Benutzer und ggf. \u00c4nderung und Manipulation der Nachrichten dieser Benutzer.CEG CONSTRUCCIONES ELECTRICAS DE GUIPUZCOA, SL beh\u00e4lt sich das Recht vor, alle Kommentare und Beitr\u00e4ge, die gegen die Menschenw\u00fcrde versto\u00dfen, in irgendeiner Weise diskriminierend, fremdenfeindlich, rassistisch, pornographisch, kinder- oder jugendgef\u00e4hrdend sind, gegen \u00f6ffentliche Ordnung oder Sicherheit versto\u00dfen oder aus Sicht des Unternehmens nicht f\u00fcr die Ver\u00f6ffentlichung geeignet sind, zu entfernen.Unter keinen Umst\u00e4nden ist CEG CONSTRUCCIONES ELECTRICAS DE GUIPUZCOA, SL verantwortlich f\u00fcr Meinungen, die von Benutzern in den Foren, Chats oder anderen Teilnahmemedien mitgeteilt werden.<\/p>\n<p><strong>GEISTIGES UND GEWERBLICHES EIGENTUM<\/strong><\/p>\n<p>CEG CONSTRUCCIONES ELECTRICAS DE GUIPUZCOA, SL ist Inhaber aller geistigen und gewerblichen Eigentumsrechte an ihrer Webseite sowie der darin enthaltenen Elemente (dazu geh\u00f6ren u. a. Bilder, Ton, Audio, Video, Software oder Texte; Marken oder Logos, Farbkombinationen, Gestaltung und Design, Auswahl der verwendeten Materialien, die f\u00fcr den Betrieb, Zugriff, die Benutzung der Website erforderlichen Computerprogramme usw.).<\/p>\n<p>Alle Rechte vorbehalten.Gem\u00e4\u00df den Bestimmungen der Artikel 8 und 32.1 Absatz 2 des Gesetzes \u00fcber das geistige Eigentum ist die Vervielf\u00e4ltigung, Verbreitung und \u00f6ffentliche Mitteilung des vollst\u00e4ndigen oder teilweisen Inhalts dieser Website f\u00fcr kommerzielle Zwecke, unabh\u00e4ngig von dem Medium und den technischen Mitteln und Art der Bereitstellung, mit deren Hilfe dies erfolgen k\u00f6nnte, ohne die Genehmigung von CEG CONSTRUCCIONES ELECTRICAS DE GUIPUZCOA, SL ausdr\u00fccklich verboten.<\/p>\n<p>Der BENUTZER verpflichtet sich, die geistigen und gewerblichen Eigentumsrechte von CEG CONSTRUCCIONES ELECTRICAS DE GUIPUZCOA, SL zu respektieren.Die Elemente der Website d\u00fcrfen angezeigt und sogar ausgedruckt, kopiert und auf der Festplatte Ihres Computers oder einem anderen physischen Medium gespeichert werden, sofern dies ausschlie\u00dflich f\u00fcr Ihren pers\u00f6nlichen und privaten Gebrauch erfolgt.Der BENUTZER darf keine Schutzvorrichtungen oder Sicherheitssysteme auf den Seiten von CEG CONSTRUCCIONES ELECTRICAS DE GUIPUZCOA, SL annullieren, ver\u00e4ndern, umgehen oder manipulieren.<\/p>\n<p><strong>GEW\u00c4HRLEISTUNGS- UND HAFTUNGSAUSSCHLUSS<\/strong><\/p>\n<p>CEG CONSTRUCCIONES ELECTRICAS DE GUIPUZCOA, SL ist in keinem Fall verantwortlich f\u00fcr Sch\u00e4den jeglicher Art, die beispielsweise durch Fehler oder Auslassungen im Inhalt, mangelnde Verf\u00fcgbarkeit der Website oder die \u00dcbertragung von Viren oder b\u00f6sartigen oder sch\u00e4dlichen Programmen im Inhalt verursacht werden k\u00f6nnen, auch wenn alle notwendigen technischen Ma\u00dfnahmen ergriffen wurden, um dies zu verhindern.<\/p>\n<p><strong>\u00c4NDERUNGEN<\/strong><\/p>\n<p>CEG CONSTRUCCIONES ELECTRICAS DE GUIPUZCOA, SL beh\u00e4lt sich das Recht vor, nach eigenem Ermessen unangek\u00fcndigte \u00c4nderungen an der Website vorzunehmen, und kann sowohl den bereitgestellten Inhalt und die Dienstleistungen der Website als auch die Art und Weise, in der sie auf der Website erscheinen und angezeigt werden, \u00e4ndern, l\u00f6schen oder erg\u00e4nzen.<\/p>\n<p><strong>LINKS<\/strong><\/p>\n<p>Sollte die Website Links oder Hyperlinks zu anderen Internetseiten enthalten, wird CEG CONSTRUCCIONES ELECTRICAS DE GUIPUZCOA, SL keine Kontrolle \u00fcber diese Seiten und Inhalte aus\u00fcben.Unter keinen Umst\u00e4nden \u00fcbernimmt CEG CONSTRUCCIONES ELECTRICAS DE GUIPUZCOA, SL die Verantwortung f\u00fcr den Inhalt von Links, die anderen Websites zugeh\u00f6ren, noch garantiert das Unternehmen die technische Verf\u00fcgbarkeit, Qualit\u00e4t, Zuverl\u00e4ssigkeit, Genauigkeit, Vollst\u00e4ndigkeit, Richtigkeit, G\u00fcltigkeit und Verfassungsm\u00e4\u00dfigkeit von Materialien oder Informationen, die in diesen Hyperlinks oder anderen Websites enthalten sind.<\/p>\n<p>Ebenso bedeutet die Einbeziehung dieser externen Links keine Art von Partnerschaft, Verbindung oder Beteiligung mit\/an den verbundenen Unternehmen.<\/p>\n<p><strong>AUSSCHLUSSRECHT<\/strong><\/p>\n<p>CEG CONSTRUCCIONES ELECTRICAS DE GUIPUZCOA, SL beh\u00e4lt sich das Recht vor, denjenigen Nutzern, die diese Allgemeinen Nutzungsbedingungen nicht einhalten, den Zugang zur Website und\/oder den angebotenen Diensten ohne vorherige Ank\u00fcndigung, nach eigenem Ermessen oder auf Wunsch eines Dritten, zu verweigern.<\/p>\n<p><strong>ALLGEMEINES<\/strong><\/p>\n<p>CEG CONSTRUCCIONES ELECTRICAS DE GUIPUZCOA, SL wird den Versto\u00df gegen diese Bedingungen sowie jede missbr\u00e4uchliche Nutzung der Website verfolgen und entsprechend alle gesetzlich verf\u00fcgbaren zivil- und strafrechtlichen Ma\u00dfnahmen zu ergreifen.<\/p>\n<p><strong>\u00c4NDERUNG DIESER BEDINGUNGEN UND G\u00dcLTIGKEITSDAUER<\/strong><\/p>\n<p>CEG CONSTRUCCIONES ELECTRICAS DE GUIPUZCOA, SL ist jederzeit dazu berechtigt, die hier festgelegten Bedingungen zu \u00e4ndern, indem sie in der vorliegenden Form ver\u00f6ffentlicht werden.<br \/>\nDie G\u00fcltigkeit der genannten Bedingungen ist abh\u00e4ngig von ihrer Verwendungsdauer, d. h. sie bleiben solange g\u00fcltig, bis sie durch andere ordnungsgem\u00e4\u00df ver\u00f6ffentlichte Bedingungen ge\u00e4ndert\/ersetzt werden.<\/p>\n<p><strong>ANWENDBARES RECHT UND GERICHTSSTAND<\/strong><\/p>\n<p>Das Verh\u00e4ltnis zwischen CEG CONSTRUCCIONES ELECTRICAS DE GUIPUZCOA, SL und dem BENUTZER unterliegt der spanischen Gesetzgebung, sodass f\u00fcr alle Streitigkeiten das Gericht der vorher genannten Stadt zust\u00e4ndig ist.<\/p>\n","protected":false},"excerpt":{"rendered":"<p>DATENSCHUTZ UNTERNEHMEN. Das Unternehmen garantiert den Nutzern der Website, dass es die allgemeine Datenschutzverordnung (EU) 2016\/679 erf\u00fcllt und die von den Gesetzen und Verordnungen geforderten Sicherheitsma\u00dfnahmen zur Wahrung der Geheimhaltung, Vertraulichkeit und Integrit\u00e4t bei der Verarbeitung ihrer personenbezogenen Daten getroffen hat. Die Verwendung dieser personenbezogenen Daten erfolgt in der Art und Weise und mit den [&hellip;]<\/p>\n","protected":false},"author":1,"featured_media":0,"parent":0,"menu_order":0,"comment_status":"closed","ping_status":"closed","template":"","meta":{"_acf_changed":false,"footnotes":""},"class_list":["post-911","page","type-page","status-publish","hentry"],"acf":[],"_links":{"self":[{"href":"https:\/\/ceginnova.com\/de\/wp-json\/wp\/v2\/pages\/911","targetHints":{"allow":["GET"]}}],"collection":[{"href":"https:\/\/ceginnova.com\/de\/wp-json\/wp\/v2\/pages"}],"about":[{"href":"https:\/\/ceginnova.com\/de\/wp-json\/wp\/v2\/types\/page"}],"author":[{"embeddable":true,"href":"https:\/\/ceginnova.com\/de\/wp-json\/wp\/v2\/users\/1"}],"replies":[{"embeddable":true,"href":"https:\/\/ceginnova.com\/de\/wp-json\/wp\/v2\/comments?post=911"}],"version-history":[{"count":1,"href":"https:\/\/ceginnova.com\/de\/wp-json\/wp\/v2\/pages\/911\/revisions"}],"predecessor-version":[{"id":912,"href":"https:\/\/ceginnova.com\/de\/wp-json\/wp\/v2\/pages\/911\/revisions\/912"}],"wp:attachment":[{"href":"https:\/\/ceginnova.com\/de\/wp-json\/wp\/v2\/media?parent=911"}],"curies":[{"name":"wp","href":"https:\/\/api.w.org\/{rel}","templated":true}]}}