{"id":744,"date":"2018-04-09T11:36:25","date_gmt":"2018-04-09T09:36:25","guid":{"rendered":"https:\/\/ceginnova.com\/?page_id=744"},"modified":"2018-07-16T10:24:12","modified_gmt":"2018-07-16T08:24:12","slug":"ceg-construcciones-electricas-de-guipuzcoa","status":"publish","type":"page","link":"https:\/\/ceginnova.com\/fr\/","title":{"rendered":"CEG (Construcciones El\u00e9ctricas de Guip\u00fazcoa)"},"content":{"rendered":"<p>Nous sommes une entreprise familiale situ\u00e9e au c\u0153ur du Pays Basque, en Espagne qui depuis les ann\u00e9es 60 con\u00e7oit et fabrique des moteurs et des machines pour le levage des ascenseurs.<\/p>\n<p>Depuis le d\u00e9but de notre activit\u00e9 et pendant ces plus de 50 ans, notre axe fondamental est l\u2019am\u00e9lioration continue de nos produits. Et c\u2019est ainsi qu\u2019une notre d\u00e9vouement et engagement constants avec l\u2019innovation a stimul\u00e9 notre croissance et consolidation au niveau national et international.<\/p>\n","protected":false},"excerpt":{"rendered":"<p>Nous sommes une entreprise familiale situ\u00e9e au c\u0153ur du Pays Basque, en Espagne qui depuis les ann\u00e9es 60 con\u00e7oit et fabrique des moteurs et des machines pour le levage des ascenseurs. Depuis le d\u00e9but de notre activit\u00e9 et pendant ces plus de 50 ans, notre axe fondamental est l\u2019am\u00e9lioration continue de nos produits. Et c\u2019est [&hellip;]<\/p>\n","protected":false},"author":1,"featured_media":0,"parent":0,"menu_order":0,"comment_status":"closed","ping_status":"closed","template":"template-homepage.php","meta":{"_acf_changed":false,"footnotes":""},"class_list":["post-744","page","type-page","status-publish","hentry"],"acf":[],"_links":{"self":[{"href":"https:\/\/ceginnova.com\/fr\/wp-json\/wp\/v2\/pages\/744","targetHints":{"allow":["GET"]}}],"collection":[{"href":"https:\/\/ceginnova.com\/fr\/wp-json\/wp\/v2\/pages"}],"about":[{"href":"https:\/\/ceginnova.com\/fr\/wp-json\/wp\/v2\/types\/page"}],"author":[{"embeddable":true,"href":"https:\/\/ceginnova.com\/fr\/wp-json\/wp\/v2\/users\/1"}],"replies":[{"embeddable":true,"href":"https:\/\/ceginnova.com\/fr\/wp-json\/wp\/v2\/comments?post=744"}],"version-history":[{"count":2,"href":"https:\/\/ceginnova.com\/fr\/wp-json\/wp\/v2\/pages\/744\/revisions"}],"predecessor-version":[{"id":746,"href":"https:\/\/ceginnova.com\/fr\/wp-json\/wp\/v2\/pages\/744\/revisions\/746"}],"wp:attachment":[{"href":"https:\/\/ceginnova.com\/fr\/wp-json\/wp\/v2\/media?parent=744"}],"curies":[{"name":"wp","href":"https:\/\/api.w.org\/{rel}","templated":true}]}}