{"id":747,"date":"2018-04-10T08:08:05","date_gmt":"2018-04-10T06:08:05","guid":{"rendered":"https:\/\/ceginnova.com\/servicios\/"},"modified":"2018-07-16T10:28:47","modified_gmt":"2018-07-16T08:28:47","slug":"services","status":"publish","type":"page","link":"https:\/\/ceginnova.com\/fr\/services\/","title":{"rendered":"Services"},"content":{"rendered":"<div class=\"row\">\n<div class=\"col-sm-6\">\n<p>Notre objectif est de r\u00e9pondre aux besoins de nos clients et de les aider \u00e0 atteindre leurs objectifs. Parce que nous sentons que leurs projets sont nos projets, nous voulons leur donner le meilleur soutien en mettant \u00e0 leur disposition toute notre exp\u00e9rience et en plus les services suivants:<\/p>\n<div id=\"accordion\">\n<div class=\"card\">\n<div id=\"headingOne\" class=\"card-header\">\n<h3 class=\"izenburua btn btn-link\" data-toggle=\"collapse\" data-target=\"#collapseOne\" aria-expanded=\"true\" aria-controls=\"collapseOne\">SERVICE DE CONSEIL ET DE CONSULTATIONS <i class=\"fa fa-angle-down\"><\/i><\/h3>\n<\/div>\n<div id=\"collapseOne\" class=\"collapse\" aria-labelledby=\"headingOne\" data-parent=\"#accordion\">\n<div class=\"card-body\">\n<p>Nos machines Gearless couvrent un grand nombre de solutions applicables aussi bien en nouvelles installations d\u2019ascenseurs, que pour des modernisations. \u00c0 tout moment vous disposerez du conseil de notre \u00e9quipe technique.<\/p>\n<\/div>\n<\/div>\n<\/div>\n<div class=\"card\">\n<div id=\"headingTwo\" class=\"card-header\">\n<h3 class=\"izenburua btn btn-link collapsed\" data-toggle=\"collapse\" data-target=\"#collapseTwo\" aria-expanded=\"false\" aria-controls=\"collapseTwo\">FABRICATION SUR MESURE <i class=\"fa fa-angle-down\"><\/i><\/h3>\n<\/div>\n<div id=\"collapseTwo\" class=\"collapse\" aria-labelledby=\"headingTwo\" data-parent=\"#accordion\">\n<div class=\"card-body\">\n<p>Nous savons les difficult\u00e9s d\u2019application et la diversit\u00e9 des variables et facteurs \u00e0 prendre en compte au moment d\u2019installer un moteur de levage. \u00c0 cet effet, nous mettons \u00e0 disposition de nos clients notre propre \u00e9quipement d\u2019ing\u00e9nierie qui travaille dans chaque cas concret pour offrir des solutions individualis\u00e9es pour chaque client et chaque occasion.<\/p>\n<\/div>\n<\/div>\n<\/div>\n<div class=\"card\">\n<div id=\"headingThree\" class=\"card-header\">\n<h3 class=\"izenburua btn btn-link collapsed\" data-toggle=\"collapse\" data-target=\"#collapseThree\" aria-expanded=\"false\" aria-controls=\"collapseThree\">SERVICE D\u2019ATTENTION ET SAT <i class=\"fa fa-angle-down\"><\/i><\/h3>\n<\/div>\n<div id=\"collapseThree\" class=\"collapse\" aria-labelledby=\"headingThree\" data-parent=\"#accordion\">\n<div class=\"card-body\">\n<p>Nous proposons une attention personnalis\u00e9e aussi bien en pr\u00e9vente qu\u2019apr\u00e8s vente. Avec notre Service d\u2019Assistance Technique, nos techniciens offriront tout leur soutien pendant le montage et l\u2019installation, ainsi que pendant la vie utile de nos machines Gearless. Nous nous adaptons aux besoins de nos clients en donnant une assistance, tant in situ qu\u2019\u00e0 distance, pour r\u00e9soudre n\u2019importe quel probl\u00e8me ou incidence dans le moindre temps possible.<\/p>\n<\/div>\n<\/div>\n<\/div>\n<div class=\"card\">\n<div id=\"headingFour\" class=\"card-header\">\n<h3 class=\"izenburua btn btn-link collapsed\" data-toggle=\"collapse\" data-target=\"#collapseFour\" aria-expanded=\"false\" aria-controls=\"collapseFour\">PI\u00c8CES DE RECHANGE ET ACCESSOIRES <i class=\"fa fa-angle-down\"><\/i><\/h3>\n<\/div>\n<div id=\"collapseFour\" class=\"collapse\" aria-labelledby=\"headingFour\" data-parent=\"#accordion\">\n<div class=\"card-body\">\n<p>Nous disposons pour tous nos produits de pi\u00e8ces et de pi\u00e8ces de rechange originales.<\/p>\n<\/div>\n<\/div>\n<\/div>\n<div class=\"card\">\n<div id=\"headingFive\" class=\"card-header\">\n<h3 class=\"izenburua btn btn-link collapsed\" data-toggle=\"collapse\" data-target=\"#collapseFive\" aria-expanded=\"false\" aria-controls=\"collapseFive\">ZONE CLIENTS <i class=\"fa fa-angle-down\"><\/i><\/h3>\n<\/div>\n<div id=\"collapseFive\" class=\"collapse\" aria-labelledby=\"headingFive\" data-parent=\"#accordion\">\n<div class=\"card-body\">\n<p>\u00c0 travers cette zone nous donnons \u00e0 nos clients l\u2019acc\u00e8s rapide \u00e0 diverses informations teles que le contr\u00f4le de leurs commandes, la consultation des manuels, catalogues, fiches techniques et demande d\u2019offres entre autres.<\/p>\n<\/div>\n<\/div>\n<\/div>\n<\/div>\n<\/div>\n<div class=\"col-sm-6\">\n<div id='gallery-1' class='gallery galleryid-747 gallery-columns-3 gallery-size-thumbnail'><figure class='gallery-item'>\n\t\t\t<div class='gallery-icon landscape'>\n\t\t\t\t<a href='https:\/\/ceginnova.com\/wp-content\/uploads\/2018\/05\/F5-departamento-ingenier\u00eda.jpg'><img loading=\"lazy\" decoding=\"async\" width=\"150\" height=\"150\" src=\"https:\/\/ceginnova.com\/wp-content\/uploads\/2018\/05\/F5-departamento-ingenier\u00eda-150x150.jpg\" class=\"attachment-thumbnail size-thumbnail\" alt=\"\" \/><\/a>\n\t\t\t<\/div><\/figure><figure class='gallery-item'>\n\t\t\t<div class='gallery-icon landscape'>\n\t\t\t\t<a href='https:\/\/ceginnova.com\/wp-content\/uploads\/2018\/05\/F1-atencion-al-cliente.jpg'><img loading=\"lazy\" decoding=\"async\" width=\"150\" height=\"150\" src=\"https:\/\/ceginnova.com\/wp-content\/uploads\/2018\/05\/F1-atencion-al-cliente-150x150.jpg\" class=\"attachment-thumbnail size-thumbnail\" alt=\"\" \/><\/a>\n\t\t\t<\/div><\/figure><figure class='gallery-item'>\n\t\t\t<div class='gallery-icon landscape'>\n\t\t\t\t<a href='https:\/\/ceginnova.com\/wp-content\/uploads\/2018\/05\/F11-MINI-ACT.jpg'><img loading=\"lazy\" decoding=\"async\" width=\"150\" height=\"150\" src=\"https:\/\/ceginnova.com\/wp-content\/uploads\/2018\/05\/F11-MINI-ACT-150x150.jpg\" class=\"attachment-thumbnail size-thumbnail\" alt=\"\" \/><\/a>\n\t\t\t<\/div><\/figure><figure class='gallery-item'>\n\t\t\t<div class='gallery-icon landscape'>\n\t\t\t\t<a href='https:\/\/ceginnova.com\/wp-content\/uploads\/2018\/05\/F6-ensayos-torre-de-pruebas.jpg'><img loading=\"lazy\" decoding=\"async\" width=\"150\" height=\"150\" src=\"https:\/\/ceginnova.com\/wp-content\/uploads\/2018\/05\/F6-ensayos-torre-de-pruebas-150x150.jpg\" class=\"attachment-thumbnail size-thumbnail\" alt=\"\" \/><\/a>\n\t\t\t<\/div><\/figure><figure class='gallery-item'>\n\t\t\t<div class='gallery-icon landscape'>\n\t\t\t\t<a href='https:\/\/ceginnova.com\/wp-content\/uploads\/2018\/05\/F2-banco-de-pruebas-aislamiento.jpg'><img loading=\"lazy\" decoding=\"async\" width=\"150\" height=\"150\" src=\"https:\/\/ceginnova.com\/wp-content\/uploads\/2018\/05\/F2-banco-de-pruebas-aislamiento-150x150.jpg\" class=\"attachment-thumbnail size-thumbnail\" alt=\"\" \/><\/a>\n\t\t\t<\/div><\/figure><figure class='gallery-item'>\n\t\t\t<div class='gallery-icon landscape'>\n\t\t\t\t<a href='https:\/\/ceginnova.com\/wp-content\/uploads\/2018\/05\/F13-torre-de-pruebas.jpg'><img loading=\"lazy\" decoding=\"async\" width=\"150\" height=\"150\" src=\"https:\/\/ceginnova.com\/wp-content\/uploads\/2018\/05\/F13-torre-de-pruebas-150x150.jpg\" class=\"attachment-thumbnail size-thumbnail\" alt=\"\" \/><\/a>\n\t\t\t<\/div><\/figure>\n\t\t<\/div>\n\n<\/div>\n<\/div>\n","protected":false},"excerpt":{"rendered":"<p>Notre objectif est de r\u00e9pondre aux besoins de nos clients et de les aider \u00e0 atteindre leurs objectifs. Parce que nous sentons que leurs projets sont nos projets, nous voulons leur donner le meilleur soutien en mettant \u00e0 leur disposition toute notre exp\u00e9rience et en plus les services suivants: SERVICE DE CONSEIL ET DE CONSULTATIONS [&hellip;]<\/p>\n","protected":false},"author":1,"featured_media":639,"parent":0,"menu_order":0,"comment_status":"closed","ping_status":"closed","template":"","meta":{"_acf_changed":false,"footnotes":""},"class_list":["post-747","page","type-page","status-publish","has-post-thumbnail","hentry"],"acf":[],"_links":{"self":[{"href":"https:\/\/ceginnova.com\/fr\/wp-json\/wp\/v2\/pages\/747","targetHints":{"allow":["GET"]}}],"collection":[{"href":"https:\/\/ceginnova.com\/fr\/wp-json\/wp\/v2\/pages"}],"about":[{"href":"https:\/\/ceginnova.com\/fr\/wp-json\/wp\/v2\/types\/page"}],"author":[{"embeddable":true,"href":"https:\/\/ceginnova.com\/fr\/wp-json\/wp\/v2\/users\/1"}],"replies":[{"embeddable":true,"href":"https:\/\/ceginnova.com\/fr\/wp-json\/wp\/v2\/comments?post=747"}],"version-history":[{"count":2,"href":"https:\/\/ceginnova.com\/fr\/wp-json\/wp\/v2\/pages\/747\/revisions"}],"predecessor-version":[{"id":749,"href":"https:\/\/ceginnova.com\/fr\/wp-json\/wp\/v2\/pages\/747\/revisions\/749"}],"wp:featuredmedia":[{"embeddable":true,"href":"https:\/\/ceginnova.com\/fr\/wp-json\/wp\/v2\/media\/639"}],"wp:attachment":[{"href":"https:\/\/ceginnova.com\/fr\/wp-json\/wp\/v2\/media?parent=747"}],"curies":[{"name":"wp","href":"https:\/\/api.w.org\/{rel}","templated":true}]}}