{"id":750,"date":"2018-04-10T08:07:29","date_gmt":"2018-04-10T06:07:29","guid":{"rendered":"https:\/\/ceginnova.com\/empresa\/"},"modified":"2021-05-13T10:42:20","modified_gmt":"2021-05-13T08:42:20","slug":"entreprise","status":"publish","type":"page","link":"https:\/\/ceginnova.com\/fr\/entreprise\/","title":{"rendered":"Entreprise"},"content":{"rendered":"<div class=\"row\">\n<div class=\"col-sm-6\">\n<p>Chez CEGi nous concevons et fabriquons int\u00e9gralement tous nos moteurs et machines Gearless dans nos installations de plus de 3.500m<sup>2<\/sup>, \u00e9quip\u00e9es des derniers moyens technologiques et de production.<\/p>\n<p>Nous disposons d\u2019un tour d\u2019essais de plus de 25 m\u00e8tres de haut o\u00f9 nous pouvons tester nos designs en ex\u00e9cutions r\u00e9elles et, en outre, collaborer avec des entreprises compl\u00e9mentaires, des centres de connaissance, ing\u00e9nieries ou fournisseurs, au d\u00e9veloppement de nouvelles solutions pour le secteur du levage. Sans aucun doute, il s\u2019agit d\u2019une des meilleures mani\u00e8res de r\u00e9pondre aux besoins pr\u00e9sents et futurs de nos clients.<\/p>\n<p>Ces plus de 50 ans d\u2019exp\u00e9rience nous ont apport\u00e9 une grande connaissance qui, jointe \u00e0 l\u2019investissement constant dans les moyens de production, I+D+i et infrastructure, a permis l\u2019\u00e9volution de nos premiers moteurs \u00e9lectriques, jusqu\u2019aux plus sophistiqu\u00e9 moteurs synchrones \u00e0 aimants permanents sans r\u00e9ductrice, la machine Gearless, notre principal produit \u00e0 ce jour.<\/p>\n<p>Toutefois, l\u2019essence de notre entreprise n\u2019a pas chang\u00e9e. Nous continuons \u00e0 maintenir notre principal objectif, qui est d\u2019offrir le meilleur produit et le plus comp\u00e9titif. Et nous pouvons y parvenir gr\u00e2ce \u00e0 une \u00e9quipe humaine qualifi\u00e9e avec une vaste exp\u00e9rience mais, surtout, avec un \u00e9norme d\u00e9vouement et attention aux besoins de nos clients.<\/p>\n<h3 class=\"izenburua\">Nous nous distinguons pour proposer:<\/h3>\n<ul class=\"numerazioa\">\n<li>Une innovation continue.<\/li>\n<li>Un d\u00e9veloppement et une fabrication propre du d\u00e9but \u00e0 la fin.<\/li>\n<li>Des solutions individuelles tourn\u00e9es vers chaque cas concret.<\/li>\n<li>Fiabilit\u00e9 et qualit\u00e9.<\/li>\n<li>Conseil pr\u00e9vente et service apr\u00e8s-vente rapide et fiable.<\/li>\n<li>D\u00e9lais de livraison courts.<\/li>\n<\/ul>\n<h3 class=\"izenburua\">Information d\u2019entreprise<\/h3>\n<ul class=\"numerazioa\">\n<li class=\"link\"><i class=\"fa fa-download\"><\/i> <a class=\"btn btn-default btn-ceg\" href=\"https:\/\/ceginnova.com\/wp-content\/uploads\/2018\/07\/mission-vision-et-valeurs_ceg.pdf\" target=\"_blank\" rel=\"noopener\">CEGi Mission, Vision et Valeurs<\/a><\/li>\n<li class=\"link\"><i class=\"fa fa-download\"><\/i> <a class=\"btn btn-default btn-ceg\" href=\"https:\/\/ceginnova.com\/wp-content\/uploads\/2018\/07\/POLITIQUE-QUALIT\u00c9-2018.pdf\" target=\"_blank\" rel=\"noopener\">CEGi POLITIQUE DE QUALIT\u00c9 2018<\/a><\/li>\n<\/ul>\n<\/div>\n<div class=\"col-sm-6\">\n<div id='gallery-1' class='gallery galleryid-750 gallery-columns-3 gallery-size-thumbnail'><figure class='gallery-item'>\n\t\t\t<div class='gallery-icon landscape'>\n\t\t\t\t<a href='https:\/\/ceginnova.com\/wp-content\/uploads\/2018\/04\/F10-prensa.jpg'><img loading=\"lazy\" decoding=\"async\" width=\"150\" height=\"150\" src=\"https:\/\/ceginnova.com\/wp-content\/uploads\/2018\/04\/F10-prensa-150x150.jpg\" class=\"attachment-thumbnail size-thumbnail\" alt=\"\" \/><\/a>\n\t\t\t<\/div><\/figure><figure class='gallery-item'>\n\t\t\t<div class='gallery-icon landscape'>\n\t\t\t\t<a href='https:\/\/ceginnova.com\/wp-content\/uploads\/2018\/04\/F3-Banco-de-pruebas.jpg'><img loading=\"lazy\" decoding=\"async\" width=\"150\" height=\"150\" src=\"https:\/\/ceginnova.com\/wp-content\/uploads\/2018\/04\/F3-Banco-de-pruebas-150x150.jpg\" class=\"attachment-thumbnail size-thumbnail\" alt=\"\" \/><\/a>\n\t\t\t<\/div><\/figure><figure class='gallery-item'>\n\t\t\t<div class='gallery-icon landscape'>\n\t\t\t\t<a href='https:\/\/ceginnova.com\/wp-content\/uploads\/2018\/04\/F4-banco-pruebas-par-potencia-intensidad.jpg'><img loading=\"lazy\" decoding=\"async\" width=\"150\" height=\"150\" src=\"https:\/\/ceginnova.com\/wp-content\/uploads\/2018\/04\/F4-banco-pruebas-par-potencia-intensidad-150x150.jpg\" class=\"attachment-thumbnail size-thumbnail\" alt=\"\" \/><\/a>\n\t\t\t<\/div><\/figure><figure class='gallery-item'>\n\t\t\t<div class='gallery-icon landscape'>\n\t\t\t\t<a href='https:\/\/ceginnova.com\/wp-content\/uploads\/2018\/04\/F8-montaje-maquina-Gearless.jpg'><img loading=\"lazy\" decoding=\"async\" width=\"150\" height=\"150\" src=\"https:\/\/ceginnova.com\/wp-content\/uploads\/2018\/04\/F8-montaje-maquina-Gearless-150x150.jpg\" class=\"attachment-thumbnail size-thumbnail\" alt=\"\" \/><\/a>\n\t\t\t<\/div><\/figure><figure class='gallery-item'>\n\t\t\t<div class='gallery-icon landscape'>\n\t\t\t\t<a href='https:\/\/ceginnova.com\/wp-content\/uploads\/2018\/04\/F9-montaje-motor.jpg'><img loading=\"lazy\" decoding=\"async\" width=\"150\" height=\"150\" src=\"https:\/\/ceginnova.com\/wp-content\/uploads\/2018\/04\/F9-montaje-motor-150x150.jpg\" class=\"attachment-thumbnail size-thumbnail\" alt=\"\" \/><\/a>\n\t\t\t<\/div><\/figure><figure class='gallery-item'>\n\t\t\t<div class='gallery-icon landscape'>\n\t\t\t\t<a href='https:\/\/ceginnova.com\/wp-content\/uploads\/2018\/04\/F12-pruebas-y-montaje-final.jpg'><img loading=\"lazy\" decoding=\"async\" width=\"150\" height=\"150\" src=\"https:\/\/ceginnova.com\/wp-content\/uploads\/2018\/04\/F12-pruebas-y-montaje-final-150x150.jpg\" class=\"attachment-thumbnail size-thumbnail\" alt=\"\" \/><\/a>\n\t\t\t<\/div><\/figure>\n\t\t<\/div>\n\n<\/div>\n<\/div>\n","protected":false},"excerpt":{"rendered":"<p>Chez CEGi nous concevons et fabriquons int\u00e9gralement tous nos moteurs et machines Gearless dans nos installations de plus de 3.500m2, \u00e9quip\u00e9es des derniers moyens technologiques et de production. Nous disposons d\u2019un tour d\u2019essais de plus de 25 m\u00e8tres de haut o\u00f9 nous pouvons tester nos designs en ex\u00e9cutions r\u00e9elles et, en outre, collaborer avec des [&hellip;]<\/p>\n","protected":false},"author":1,"featured_media":537,"parent":0,"menu_order":0,"comment_status":"closed","ping_status":"closed","template":"","meta":{"_acf_changed":false,"footnotes":""},"class_list":["post-750","page","type-page","status-publish","has-post-thumbnail","hentry"],"acf":[],"_links":{"self":[{"href":"https:\/\/ceginnova.com\/fr\/wp-json\/wp\/v2\/pages\/750","targetHints":{"allow":["GET"]}}],"collection":[{"href":"https:\/\/ceginnova.com\/fr\/wp-json\/wp\/v2\/pages"}],"about":[{"href":"https:\/\/ceginnova.com\/fr\/wp-json\/wp\/v2\/types\/page"}],"author":[{"embeddable":true,"href":"https:\/\/ceginnova.com\/fr\/wp-json\/wp\/v2\/users\/1"}],"replies":[{"embeddable":true,"href":"https:\/\/ceginnova.com\/fr\/wp-json\/wp\/v2\/comments?post=750"}],"version-history":[{"count":5,"href":"https:\/\/ceginnova.com\/fr\/wp-json\/wp\/v2\/pages\/750\/revisions"}],"predecessor-version":[{"id":1701,"href":"https:\/\/ceginnova.com\/fr\/wp-json\/wp\/v2\/pages\/750\/revisions\/1701"}],"wp:featuredmedia":[{"embeddable":true,"href":"https:\/\/ceginnova.com\/fr\/wp-json\/wp\/v2\/media\/537"}],"wp:attachment":[{"href":"https:\/\/ceginnova.com\/fr\/wp-json\/wp\/v2\/media?parent=750"}],"curies":[{"name":"wp","href":"https:\/\/api.w.org\/{rel}","templated":true}]}}